{"id":12,"date":"2022-07-27T09:04:51","date_gmt":"2022-07-27T09:04:51","guid":{"rendered":"https:\/\/haendefrei.net\/?page_id=12"},"modified":"2022-10-01T14:51:49","modified_gmt":"2022-10-01T14:51:49","slug":"ueber-uns","status":"publish","type":"page","link":"https:\/\/haendefrei.net\/","title":{"rendered":"Wer wir sind"},"content":{"rendered":"\n<p style=\"font-size:25px\"> <\/p>\n\n\n\n<div style=\"height:76px\" aria-hidden=\"true\" class=\"wp-block-spacer\"><\/div>\n\n\n\n<p class=\"has-text-align-center\" style=\"font-size:25px\"><mark style=\"background-color:#ffffff\" class=\"has-inline-color has-black-color\">Wir sind zwei in Frankfurt am Main lebende <strong>Koch- und Essens-Liebhaber<\/strong>. Mit diesem Podcast m\u00f6chten wir Euch mit in die K\u00fcche nehmen, eine kulinarische Vielfalt zeigen und <strong>Lust auf das selbst\u00e4ndige, ausprobierende Kochen<\/strong> machen. <\/mark><\/p>\n\n\n\n<p style=\"font-size:25px\"> <\/p>\n\n\n\n<div style=\"height:113px\" aria-hidden=\"true\" class=\"wp-block-spacer\"><\/div>\n\n\n\n<hr class=\"wp-block-separator has-alpha-channel-opacity\"\/>\n\n\n\n<div class=\"is-layout-flex wp-container-4 wp-block-columns\">\n<div class=\"is-layout-flow wp-block-column\" style=\"flex-basis:100%\">\n<div class=\"is-layout-flex wp-container-2 wp-block-columns\">\n<div class=\"is-layout-flow wp-block-column\" style=\"flex-basis:100%\">\n<div class=\"wp-block-media-text alignwide is-stacked-on-mobile\" style=\"grid-template-columns:29% auto\"><figure class=\"wp-block-media-text__media\"><img decoding=\"async\" loading=\"lazy\" width=\"1024\" height=\"1024\" src=\"https:\/\/haendefrei.net\/wp-content\/uploads\/2022\/09\/1882247839-22347602-1ie9-edited-1-1024x1024.jpg\" alt=\"Leon Joskowitz (Foto \u00a9 Michael Faust)\" class=\"wp-image-86 size-full\" srcset=\"https:\/\/haendefrei.net\/wp-content\/uploads\/2022\/09\/1882247839-22347602-1ie9-edited-1-1024x1024.jpg 1024w, https:\/\/haendefrei.net\/wp-content\/uploads\/2022\/09\/1882247839-22347602-1ie9-edited-1-300x300.jpg 300w, https:\/\/haendefrei.net\/wp-content\/uploads\/2022\/09\/1882247839-22347602-1ie9-edited-1-150x150.jpg 150w, https:\/\/haendefrei.net\/wp-content\/uploads\/2022\/09\/1882247839-22347602-1ie9-edited-1-768x768.jpg 768w, https:\/\/haendefrei.net\/wp-content\/uploads\/2022\/09\/1882247839-22347602-1ie9-edited-1.jpg 1192w\" sizes=\"(max-width: 1024px) 100vw, 1024px\" \/><\/figure><div class=\"wp-block-media-text__content\">\n<p><strong>Leon Joskowitz <\/strong>ist Philosoph, Koch und G\u00e4rtner. Fr\u00fcher hat Leon zehn Jahre sein eigenes Cateringunternehmen geleitet, das Kulinarische Festival Frankfurt ins Leben gerufen und auf seinen kulinarischen Lehrjahren die Welt bereist, heute arbeitet er als Ethiklehrer und freier Autor.<\/p>\n<\/div><\/div>\n\n\n\n<div class=\"wp-block-media-text alignwide is-stacked-on-mobile\" style=\"grid-template-columns:29% auto\"><figure class=\"wp-block-media-text__media\"><img decoding=\"async\" loading=\"lazy\" width=\"985\" height=\"1024\" src=\"https:\/\/haendefrei.net\/wp-content\/uploads\/2022\/09\/jonathan-portraits-7-2-scaled-e1663233148912-985x1024.jpg\" alt=\"Jonathan Lutz (Foto \u00a9 Oliver Heise)\" class=\"wp-image-87 size-full\" srcset=\"https:\/\/haendefrei.net\/wp-content\/uploads\/2022\/09\/jonathan-portraits-7-2-scaled-e1663233148912-985x1024.jpg 985w, https:\/\/haendefrei.net\/wp-content\/uploads\/2022\/09\/jonathan-portraits-7-2-scaled-e1663233148912-289x300.jpg 289w, https:\/\/haendefrei.net\/wp-content\/uploads\/2022\/09\/jonathan-portraits-7-2-scaled-e1663233148912-768x798.jpg 768w, https:\/\/haendefrei.net\/wp-content\/uploads\/2022\/09\/jonathan-portraits-7-2-scaled-e1663233148912.jpg 1324w\" sizes=\"(max-width: 985px) 100vw, 985px\" \/><\/figure><div class=\"wp-block-media-text__content\">\n<p><strong>Jonathan Lutz<\/strong> ist Schauspieler, Musiker und Sounddesigner. Als Hobbykoch ist er seit seiner Jugend so h\u00e4ufig es geht vor den Herdplatten der Welt. <\/p>\n<\/div><\/div>\n<\/div>\n<\/div>\n<\/div>\n<\/div>\n","protected":false},"excerpt":{"rendered":"<p>Wir sind zwei in Frankfurt am Main lebende Koch- und [&hellip;]<\/p>\n","protected":false},"author":1,"featured_media":9,"parent":0,"menu_order":0,"comment_status":"closed","ping_status":"closed","template":"","meta":[],"_links":{"self":[{"href":"https:\/\/haendefrei.net\/index.php?rest_route=\/wp\/v2\/pages\/12"}],"collection":[{"href":"https:\/\/haendefrei.net\/index.php?rest_route=\/wp\/v2\/pages"}],"about":[{"href":"https:\/\/haendefrei.net\/index.php?rest_route=\/wp\/v2\/types\/page"}],"author":[{"embeddable":true,"href":"https:\/\/haendefrei.net\/index.php?rest_route=\/wp\/v2\/users\/1"}],"replies":[{"embeddable":true,"href":"https:\/\/haendefrei.net\/index.php?rest_route=%2Fwp%2Fv2%2Fcomments&post=12"}],"version-history":[{"count":15,"href":"https:\/\/haendefrei.net\/index.php?rest_route=\/wp\/v2\/pages\/12\/revisions"}],"predecessor-version":[{"id":138,"href":"https:\/\/haendefrei.net\/index.php?rest_route=\/wp\/v2\/pages\/12\/revisions\/138"}],"wp:featuredmedia":[{"embeddable":true,"href":"https:\/\/haendefrei.net\/index.php?rest_route=\/wp\/v2\/media\/9"}],"wp:attachment":[{"href":"https:\/\/haendefrei.net\/index.php?rest_route=%2Fwp%2Fv2%2Fmedia&parent=12"}],"curies":[{"name":"wp","href":"https:\/\/api.w.org\/{rel}","templated":true}]}}